{"id":201,"date":"2022-01-07T14:24:50","date_gmt":"2022-01-07T14:24:50","guid":{"rendered":"https:\/\/erigin.com\/index.php\/erigin\/"},"modified":"2026-01-30T17:30:58","modified_gmt":"2026-01-30T16:30:58","slug":"produccion-y-proteccion-de-soluciones-web","status":"publish","type":"page","link":"https:\/\/agencia.erigin.com\/es\/","title":{"rendered":"Producci\u00f3n y protecci\u00f3n de soluciones web"},"content":{"rendered":"\n<div class=\"gb-element-6e717371\">\n<h2 class=\"gb-text gb-text-96106e5f home_title\">Erigin Agencia&#8230;<br><strong>A\u00fan<\/strong> Humanos<\/h2>\n\n\n\n<h2 class=\"gb-text gb-text-0f329257\">Somos profesionales dedicados a la <strong>producci\u00f3n y soporte de soluciones webapp y web<\/strong> con tecnolog\u00eda <strong>WordPress, Drupal y Odoo<\/strong>.<\/h2>\n\n\n\n<h3 class=\"wp-block-heading\">Servicio con criterio humano.<\/h3>\n<\/div>\n","protected":false},"excerpt":{"rendered":"<p>Erigin Agencia&#8230;A\u00fan Humanos Somos profesionales dedicados a la producci\u00f3n y soporte de soluciones webapp y web con tecnolog\u00eda WordPress, Drupal y Odoo. Servicio con criterio humano.<\/p>\n","protected":false},"author":1,"featured_media":722,"parent":0,"menu_order":0,"comment_status":"closed","ping_status":"closed","template":"","meta":{"inline_featured_image":false,"footnotes":""},"class_list":["post-201","page","type-page","status-publish","has-post-thumbnail"],"_links":{"self":[{"href":"https:\/\/agencia.erigin.com\/es\/wp-json\/wp\/v2\/pages\/201","targetHints":{"allow":["GET"]}}],"collection":[{"href":"https:\/\/agencia.erigin.com\/es\/wp-json\/wp\/v2\/pages"}],"about":[{"href":"https:\/\/agencia.erigin.com\/es\/wp-json\/wp\/v2\/types\/page"}],"author":[{"embeddable":true,"href":"https:\/\/agencia.erigin.com\/es\/wp-json\/wp\/v2\/users\/1"}],"replies":[{"embeddable":true,"href":"https:\/\/agencia.erigin.com\/es\/wp-json\/wp\/v2\/comments?post=201"}],"version-history":[{"count":13,"href":"https:\/\/agencia.erigin.com\/es\/wp-json\/wp\/v2\/pages\/201\/revisions"}],"predecessor-version":[{"id":3031,"href":"https:\/\/agencia.erigin.com\/es\/wp-json\/wp\/v2\/pages\/201\/revisions\/3031"}],"wp:featuredmedia":[{"embeddable":true,"href":"https:\/\/agencia.erigin.com\/es\/wp-json\/wp\/v2\/media\/722"}],"wp:attachment":[{"href":"https:\/\/agencia.erigin.com\/es\/wp-json\/wp\/v2\/media?parent=201"}],"curies":[{"name":"wp","href":"https:\/\/api.w.org\/{rel}","templated":true}]}}