{"id":206,"date":"2022-01-10T17:34:05","date_gmt":"2022-01-10T17:34:05","guid":{"rendered":"https:\/\/erigin.com\/?page_id=206"},"modified":"2024-01-02T13:30:13","modified_gmt":"2024-01-02T12:30:13","slug":"politica-de-privacidad","status":"publish","type":"page","link":"https:\/\/agencia.erigin.com\/es\/politica-de-privacidad\/","title":{"rendered":"Pol\u00edtica de privacidad"},"content":{"rendered":"\n<p>Su privacidad y seguridad son importantes para nosotros. A continuaci\u00f3n le explicamos qu\u00e9 datos personales recopilamos de nuestros usuarios y c\u00f3mo los utilizamos. Es preciso advertir que esta Pol\u00edtica de Privacidad podr\u00eda variar en funci\u00f3n de exigencias legislativas o de autorregulaci\u00f3n, por lo que se aconseja a los usuarios que la visiten peri\u00f3dicamente.<\/p>\n\n\n\n<p><strong>\u00bfQui\u00e9n es el responsable del tratamiento de sus datos?<br><\/strong>La empresa Erigin Creacions S.L. con CIF B64139025 con direcci\u00f3n en Pg Merla 6 local de Sant Cugat del Vall\u00e8s CP 08197 Provincia de Barcelona y tel\u00e9fono 932101212 les informa que los datos de car\u00e1cter personal que nos proporcione ser\u00e1n tratados conforme al Reglamento 2016\/679 del Parlamento Europeo y del Consejo de 27 de abril de 2016.<br>Para el tratamiento de datos de nuestros usuarios implementamos todas las medidas t\u00e9cnicas y organizativas de seguridad establecidas en la legislaci\u00f3n vigente.<\/p>\n\n\n\n<p><strong>\u00bfCon qu\u00e9 finalidades trataremos sus datos?<br><\/strong>Los datos personales ser\u00e1n tratados con finalidad de gestionar todos los aspectos de la relaci\u00f3n mercantil\/contractual establecida entre las partes. La base jur\u00eddica para dichos tratamientos de datos es la ejecuci\u00f3n del contrato o de la relaci\u00f3n existente entre las partes.<\/p>\n\n\n\n<p>Asimismo, sus datos podr\u00e1n ser tratados con la finalidad de remitirle, por cualquier medio incluyendo el electr\u00f3nico, informaci\u00f3n sobre los productos y\/o servicios prestados.<br>La base jur\u00eddica de dicho tratamiento es el inter\u00e9s leg\u00edtimo de de mantener informados a sus clientes sobre sus productos y\/o servicios.<\/p>\n\n\n\n<p><strong>\u00bfDurante cu\u00e1nto tiempo conservaremos sus datos?<br><\/strong>Sus datos ser\u00e1n conservados durante el periodo de vigencia de la relaci\u00f3n entre las partes, una vez finalizada, se conservar\u00e1n, debidamente bloqueados, durante todo el tiempo en que resulte necesaria su conservaci\u00f3n para atender a los requerimientos legales aplicables. Dicho plazo de conservaci\u00f3n se determinar\u00e1 en base a la legislaci\u00f3n aplicable en cada momento.<\/p>\n\n\n\n<p><strong>\u00bfCu\u00e1l es la legitimaci\u00f3n para el tratamiento de sus datos?<br><\/strong>La base legal para el tratamiento de sus datos y las cesiones es la existencia de la relaci\u00f3n mercantil, as\u00ed como el cumplimiento de las posibles obligaciones legales derivadas de la misma.<\/p>\n\n\n\n<p><strong>\u00bfCon qui\u00e9n compartiremos sus datos?<br><\/strong>Sus datos podr\u00e1n ser comunicados a terceros cuando sea necesario para el correcto desarrollo y control de la relaci\u00f3n entre las partes (por ejemplo, a entidades bancarias) o cuando una ley as\u00ed lo requiera (por ejemplo, a la administraci\u00f3n tributaria).<\/p>\n\n\n\n<p><strong>\u00bfC\u00f3mo protegemos sus datos?<br><\/strong>Hemos definido pol\u00edticas de seguridad y procedimientos para garantizar la confidencialidad de tus datos.<br>Podemos contratar a terceros determinados servicios que pueden suponer el acceso y\/o tratamiento de datos personales, pero, en todo caso, se exige que los terceros cumplan con la legislaci\u00f3n vigente y con nuestras pol\u00edticas de seguridad, debiendo garantizar el uso de la informaci\u00f3n conforme a las instrucciones que les damos y debiendo implantar las medidas t\u00e9cnicas y organizativas apropiadas para garantizar la confidencialidad de la informaci\u00f3n.<\/p>\n\n\n\n<p><strong>\u00bfCu\u00e1les son sus derechos en materia de protecci\u00f3n de datos?<br><\/strong>Dado al reglamento 2016\/679 del parlamento europeo y del consejo de 27 de abril de 2016. Usted tiene reconocidos los derechos de acceso, rectificaci\u00f3n, supresi\u00f3n, oposici\u00f3n, limitaci\u00f3n, portabilidad y el derecho a presentar una reclamaci\u00f3n ante las Autoridades de Control. Los que podr\u00e1 ejercer a trav\u00e9s de correo postal a la direcci\u00f3n Can Mir\u00f3 12 08195 Cerdanyola del Vall\u00e8s o por mail a erigin@erigin.com. Mediante solicitud escrita y firmada en la que se contengan los siguientes datos: Nombre y apellidos, domicilio a efectos de notificaciones, junto con prueba v\u00e1lida en derecho, como fotocopia del D.N.I. o equivalente, y la petici\u00f3n en que se concrete la solicitud<\/p>\n","protected":false},"excerpt":{"rendered":"<p>Su privacidad y seguridad son importantes para nosotros. A continuaci\u00f3n le explicamos qu\u00e9 datos personales recopilamos de nuestros usuarios y c\u00f3mo los utilizamos. Es preciso advertir que esta Pol\u00edtica de Privacidad podr\u00eda variar en funci\u00f3n de exigencias legislativas o de autorregulaci\u00f3n, por lo que se aconseja a los usuarios que la visiten peri\u00f3dicamente. \u00bfQui\u00e9n es &#8230; <a title=\"Pol\u00edtica de privacidad\" class=\"read-more\" href=\"https:\/\/agencia.erigin.com\/es\/politica-de-privacidad\/\" aria-label=\"Leer m\u00e1s sobre Pol\u00edtica de privacidad\">Leer m\u00e1s<\/a><\/p>\n","protected":false},"author":1,"featured_media":0,"parent":0,"menu_order":0,"comment_status":"closed","ping_status":"open","template":"","meta":{"inline_featured_image":false,"footnotes":""},"class_list":["post-206","page","type-page","status-publish"],"_links":{"self":[{"href":"https:\/\/agencia.erigin.com\/es\/wp-json\/wp\/v2\/pages\/206","targetHints":{"allow":["GET"]}}],"collection":[{"href":"https:\/\/agencia.erigin.com\/es\/wp-json\/wp\/v2\/pages"}],"about":[{"href":"https:\/\/agencia.erigin.com\/es\/wp-json\/wp\/v2\/types\/page"}],"author":[{"embeddable":true,"href":"https:\/\/agencia.erigin.com\/es\/wp-json\/wp\/v2\/users\/1"}],"replies":[{"embeddable":true,"href":"https:\/\/agencia.erigin.com\/es\/wp-json\/wp\/v2\/comments?post=206"}],"version-history":[{"count":0,"href":"https:\/\/agencia.erigin.com\/es\/wp-json\/wp\/v2\/pages\/206\/revisions"}],"wp:attachment":[{"href":"https:\/\/agencia.erigin.com\/es\/wp-json\/wp\/v2\/media?parent=206"}],"curies":[{"name":"wp","href":"https:\/\/api.w.org\/{rel}","templated":true}]}}