{"id":586,"date":"2022-01-10T17:56:11","date_gmt":"2022-01-10T17:56:11","guid":{"rendered":"https:\/\/erigin.com\/?page_id=586"},"modified":"2022-01-10T17:58:46","modified_gmt":"2022-01-10T17:58:46","slug":"aviso-legal","status":"publish","type":"page","link":"https:\/\/agencia.erigin.com\/es\/aviso-legal\/","title":{"rendered":"Aviso legal"},"content":{"rendered":"\n<p>Erigin Creaciones S.L. tiene el domicilio en Can Mir\u00f3 12 Cerdanyola del Vall\u00e8s, C\u00f3digo Postal 08195. Para mayor informaci\u00f3n puede contactar con nosotros a trav\u00e9s del n\u00famero de tel\u00e9fono +34 93 210 12 12 o bien a trav\u00e9s del siguiente correo electr\u00f3nico; erigin@erigin.com. Erigin Creaciones S.L. est\u00e1 inscrita en el Registro Mercantil de Barcelona, \u200b\u200bTomo 3.839, folio 0111, Secci\u00f3n General, Hoja n\u00famero 324641, Inscripci\u00f3n 1 con CIF n\u00famero B64139025.<\/p>\n\n\n\n<p><strong>Condiciones de uso <br><\/strong>A continuaci\u00f3n relatamos la regulaci\u00f3n del uso de la p\u00e1gina www.erigin.com que Erigin Creacions S.L. pone a disposici\u00f3n de los Usuarios.<\/p>\n\n\n\n<p><strong>Usuarios<\/strong> <br>La web de Erigin Creacions S.L. ha sido dise\u00f1ada para dar a conocer a los Usuarios por lo general tanto la empresa como sus actividades y servicios. Entendiendo como Usuario a toda persona que acceda o navegue por nuestra p\u00e1gina web.<\/p>\n\n\n\n<p><strong>Acceso<\/strong> <br>Con car\u00e1cter general, los Usuarios podr\u00e1n acceder a www.erigin.com de forma libre y gratuita. Erigin Creaciones S.L. podr\u00e1 modificar de forma unilateral y sin previo aviso, la prestaci\u00f3n, configuraci\u00f3n y contenido de la p\u00e1gina, as\u00ed como las condiciones de uso de la misma y el acceso a los servicios prestados.<\/p>\n\n\n\n<p><strong>Copyright<\/strong> <br>Los Derechos de Propiedad intelectual de esta web son titularidad de Erigin Creacions S.L. Por eso, podemos alterar en cualquier momento y sin previo aviso sus contenidos (dise\u00f1o gr\u00e1fico, precios, textos y c\u00f3digos). La prestaci\u00f3n de los servicios y la publicaci\u00f3n de los contenidos de la web no implicar\u00e1n en ning\u00fan momento la renuncia o transmisi\u00f3n, total o parcial, de los derechos de propiedad intelectual e industrial. Por eso, cualquier reproducci\u00f3n, distribuci\u00f3n, comercializaci\u00f3n o transformaci\u00f3n de los contenidos de la p\u00e1gina web que no haya sido expresamente autorizado por sus titulares constituye una infracci\u00f3n de los derechos de propiedad intelectual e industrial protegidos por el art\u00edculo 270 y siguientes del C\u00f3digo Penal.<\/p>\n\n\n\n<p><strong>Ley Aplicable y Jurisdicci\u00f3n <br><\/strong>Para toda cuesti\u00f3n litigiosa que incumba a www.erigin.com, ser\u00e1 de aplicaci\u00f3n la legislaci\u00f3n espa\u00f1ola. Las presentes Condiciones de Uso se regir\u00e1n por lo dispuesto en la legislaci\u00f3n espa\u00f1ola. En caso de que se produzca cualquier discrepancia o controversia con motivo de la interpretaci\u00f3n o aplicaci\u00f3n de las presentes Condiciones de Uso, Erigin Creacions S.L. y el Usuario, con renuncia expresa a cualquier otro fuero que pudiera corresponderles, se someten a la jurisdicci\u00f3n de los Juzgados y Tribunales del domicilio del Usuario.<\/p>\n","protected":false},"excerpt":{"rendered":"<p>Erigin Creaciones S.L. tiene el domicilio en Can Mir\u00f3 12 Cerdanyola del Vall\u00e8s, C\u00f3digo Postal 08195. Para mayor informaci\u00f3n puede contactar con nosotros a trav\u00e9s del n\u00famero de tel\u00e9fono +34 93 210 12 12 o bien a trav\u00e9s del siguiente correo electr\u00f3nico; erigin@erigin.com. Erigin Creaciones S.L. est\u00e1 inscrita en el Registro Mercantil de Barcelona, \u200b\u200bTomo &#8230; <a title=\"Aviso legal\" class=\"read-more\" href=\"https:\/\/agencia.erigin.com\/es\/aviso-legal\/\" aria-label=\"Leer m\u00e1s sobre Aviso legal\">Leer m\u00e1s<\/a><\/p>\n","protected":false},"author":1,"featured_media":0,"parent":0,"menu_order":0,"comment_status":"closed","ping_status":"closed","template":"","meta":{"inline_featured_image":false,"footnotes":""},"class_list":["post-586","page","type-page","status-publish"],"_links":{"self":[{"href":"https:\/\/agencia.erigin.com\/es\/wp-json\/wp\/v2\/pages\/586","targetHints":{"allow":["GET"]}}],"collection":[{"href":"https:\/\/agencia.erigin.com\/es\/wp-json\/wp\/v2\/pages"}],"about":[{"href":"https:\/\/agencia.erigin.com\/es\/wp-json\/wp\/v2\/types\/page"}],"author":[{"embeddable":true,"href":"https:\/\/agencia.erigin.com\/es\/wp-json\/wp\/v2\/users\/1"}],"replies":[{"embeddable":true,"href":"https:\/\/agencia.erigin.com\/es\/wp-json\/wp\/v2\/comments?post=586"}],"version-history":[{"count":0,"href":"https:\/\/agencia.erigin.com\/es\/wp-json\/wp\/v2\/pages\/586\/revisions"}],"wp:attachment":[{"href":"https:\/\/agencia.erigin.com\/es\/wp-json\/wp\/v2\/media?parent=586"}],"curies":[{"name":"wp","href":"https:\/\/api.w.org\/{rel}","templated":true}]}}